{"id":1621,"date":"2020-09-13T17:18:50","date_gmt":"2020-09-13T15:18:50","guid":{"rendered":"https:\/\/ostreisud.fr\/?page_id=1621"},"modified":"2024-08-03T18:12:46","modified_gmt":"2024-08-03T16:12:46","slug":"vente-directe-huitres-et-moules-de-bouzigues-a-lexploitation","status":"publish","type":"page","link":"https:\/\/ostreisud.fr\/?page_id=1621","title":{"rendered":"Vente directe d&rsquo;huitres et moules de Bouzigues \u00e0 Loupian"},"content":{"rendered":"\t\t<div data-elementor-type=\"wp-page\" data-elementor-id=\"1621\" class=\"elementor elementor-1621\">\n\t\t\t\t\t\t<section class=\"elementor-section elementor-top-section elementor-element elementor-element-c1b8043 elementor-section-boxed elementor-section-height-default elementor-section-height-default\" data-id=\"c1b8043\" data-element_type=\"section\" data-e-type=\"section\">\n\t\t\t\t\t\t<div class=\"elementor-container elementor-column-gap-default\">\n\t\t\t\t\t<div class=\"elementor-column elementor-col-100 elementor-top-column elementor-element elementor-element-e910e88\" data-id=\"e910e88\" data-element_type=\"column\" data-e-type=\"column\">\n\t\t\t<div class=\"elementor-widget-wrap elementor-element-populated\">\n\t\t\t\t\t\t<div class=\"elementor-element elementor-element-b529484 elementor-widget elementor-widget-heading\" data-id=\"b529484\" data-element_type=\"widget\" data-e-type=\"widget\" data-widget_type=\"heading.default\">\n\t\t\t\t<div class=\"elementor-widget-container\">\n\t\t\t\t\t<h2 class=\"elementor-heading-title elementor-size-default\">Vos huitres et moules de Bouzigues, directement chez le producteur<\/h2>\t\t\t\t<\/div>\n\t\t\t\t<\/div>\n\t\t\t\t<div class=\"elementor-element elementor-element-74949fdf elementor-widget elementor-widget-text-editor\" data-id=\"74949fdf\" data-element_type=\"widget\" data-e-type=\"widget\" data-widget_type=\"text-editor.default\">\n\t\t\t\t<div class=\"elementor-widget-container\">\n\t\t\t\t\t\t\t\t\t\n<p class=\"has-text-align-center\">Envie de d\u00e9guster chez vous des coquillages achet\u00e9s directement au producteur? Venez profiter de mon service de vente directe d&rsquo;<a href=\"https:\/\/www.tourisme-sete.com\/huitres-moules-fruits-de-mer.html\" target=\"_blank\" rel=\"noreferrer noopener\">huitres et de moules de Bouzigues<\/a> \u00e0 l&rsquo;exploitation. <br \/><br \/>Pour garantir une qualit\u00e9 optimale mes coquillages sont stock\u00e9s en vivier et \u00e9pur\u00e9s pendant 24h, conform\u00e9ment \u00e0 la r\u00e9glementation.<\/p>\n\n<div class=\"wp-block-buttons aligncenter is-layout-flex wp-block-buttons-is-layout-flex\"><\/div>\n<!-- \/wp:buttons --><!-- wp:heading {\"align\":\"center\"} --><!-- \/wp:paragraph --><!-- wp:buttons {\"align\":\"center\"} -->\n<div class=\"wp-block-buttons aligncenter\"><!-- \/wp:button --><\/div>\n<!-- \/wp:buttons -->\t\t\t\t\t\t\t\t<\/div>\n\t\t\t\t<\/div>\n\t\t\t\t<div class=\"elementor-element elementor-element-894ad2a elementor-widget elementor-widget-image\" data-id=\"894ad2a\" data-element_type=\"widget\" data-e-type=\"widget\" data-widget_type=\"image.default\">\n\t\t\t\t<div class=\"elementor-widget-container\">\n\t\t\t\t\t\t\t\t\t\t\t\t\t\t\t<img fetchpriority=\"high\" decoding=\"async\" width=\"768\" height=\"1024\" src=\"https:\/\/i0.wp.com\/ostreisud.fr\/wp-content\/uploads\/2020\/12\/IMG_20201217_132902_084.jpg?fit=768%2C1024&amp;ssl=1\" class=\"attachment-large size-large wp-image-2469\" alt=\"Poches d&#039;huitres de Bouzigues\" srcset=\"https:\/\/i0.wp.com\/ostreisud.fr\/wp-content\/uploads\/2020\/12\/IMG_20201217_132902_084.jpg?w=1200&amp;ssl=1 1200w, https:\/\/i0.wp.com\/ostreisud.fr\/wp-content\/uploads\/2020\/12\/IMG_20201217_132902_084.jpg?resize=225%2C300&amp;ssl=1 225w, https:\/\/i0.wp.com\/ostreisud.fr\/wp-content\/uploads\/2020\/12\/IMG_20201217_132902_084.jpg?resize=768%2C1024&amp;ssl=1 768w, https:\/\/i0.wp.com\/ostreisud.fr\/wp-content\/uploads\/2020\/12\/IMG_20201217_132902_084.jpg?resize=1152%2C1536&amp;ssl=1 1152w\" sizes=\"(max-width: 768px) 100vw, 768px\" \/>\t\t\t\t\t\t\t\t\t\t\t\t\t\t\t<\/div>\n\t\t\t\t<\/div>\n\t\t\t\t<div class=\"elementor-element elementor-element-beabf82 elementor-widget elementor-widget-heading\" data-id=\"beabf82\" data-element_type=\"widget\" data-e-type=\"widget\" data-widget_type=\"heading.default\">\n\t\t\t\t<div class=\"elementor-widget-container\">\n\t\t\t\t\t<h2 class=\"elementor-heading-title elementor-size-default\">Mon offre de coquillages de Bouzigues vente directe<\/h2>\t\t\t\t<\/div>\n\t\t\t\t<\/div>\n\t\t\t\t\t<\/div>\n\t\t<\/div>\n\t\t\t\t\t<\/div>\n\t\t<\/section>\n\t\t\t\t<section class=\"elementor-section elementor-top-section elementor-element elementor-element-d0c850f elementor-section-boxed elementor-section-height-default elementor-section-height-default\" data-id=\"d0c850f\" data-element_type=\"section\" data-e-type=\"section\">\n\t\t\t\t\t\t<div class=\"elementor-container elementor-column-gap-default\">\n\t\t\t\t\t<div class=\"elementor-column elementor-col-100 elementor-top-column elementor-element elementor-element-4fabc9e\" data-id=\"4fabc9e\" data-element_type=\"column\" data-e-type=\"column\">\n\t\t\t<div class=\"elementor-widget-wrap elementor-element-populated\">\n\t\t\t\t\t\t<div class=\"elementor-element elementor-element-0249538 elementor-widget elementor-widget-text-editor\" data-id=\"0249538\" data-element_type=\"widget\" data-e-type=\"widget\" data-widget_type=\"text-editor.default\">\n\t\t\t\t<div class=\"elementor-widget-container\">\n\t\t\t\t\t\t\t\t\t<p><!-- \/wp:heading --><!-- wp:list --><\/p>\n<ul style=\"list-style-type: disc;\">\n<li>Huitre de Bouzigues, taille 4 \u00e0 1 selon la disponibilit\u00e9, de 6 \u00e0 7 euro la douzaine. Pour rappel plus le chiffre est petit plus l&rsquo;huitre est grande.<br><br><\/li>\n<li>Huitre plate de Bouzigues, \u00e0 partir de 18\u20ac la douzaine, disponible seulement de novembre \u00e0 Avril, quand elles ont une maturit\u00e9 optimale<\/li>\n<\/ul>\n<p><!-- \/wp:list --><!-- wp:list --><\/p>\n<ul>\n<li><a href=\"https:\/\/ostreisud.fr\/index.php\/2021\/01\/26\/les-moules-de-mediterranee-et-dailleurs\/\">Moules de Bouzigues<\/a>, 4\u20ac le kg, disponible seulement de juin \u00e0 novembre, quand elles sont bien pleine. Hors saison je ne peux proposer que des moules d&rsquo;importation.<\/li>\n<\/ul>\n<p><!-- \/wp:list --><!-- wp:heading {\"align\":\"center\"} --><\/p><br>\t\t\t\t\t\t\t\t<\/div>\n\t\t\t\t<\/div>\n\t\t\t\t<div class=\"elementor-element elementor-element-02b6f08 elementor-widget elementor-widget-image\" data-id=\"02b6f08\" data-element_type=\"widget\" data-e-type=\"widget\" data-widget_type=\"image.default\">\n\t\t\t\t<div class=\"elementor-widget-container\">\n\t\t\t\t\t\t\t\t\t\t\t\t\t\t\t<img decoding=\"async\" width=\"1024\" height=\"768\" data-src=\"https:\/\/i0.wp.com\/ostreisud.fr\/wp-content\/uploads\/2020\/10\/IMG_20201021_134115_518.jpg?fit=1024%2C768&amp;ssl=1\" class=\"attachment-large size-large wp-image-2177 lazyload\" alt=\"Huitres de Bouzigues taille 2\" data-srcset=\"https:\/\/i0.wp.com\/ostreisud.fr\/wp-content\/uploads\/2020\/10\/IMG_20201021_134115_518.jpg?w=1600&amp;ssl=1 1600w, https:\/\/i0.wp.com\/ostreisud.fr\/wp-content\/uploads\/2020\/10\/IMG_20201021_134115_518.jpg?resize=300%2C225&amp;ssl=1 300w, https:\/\/i0.wp.com\/ostreisud.fr\/wp-content\/uploads\/2020\/10\/IMG_20201021_134115_518.jpg?resize=1024%2C768&amp;ssl=1 1024w, https:\/\/i0.wp.com\/ostreisud.fr\/wp-content\/uploads\/2020\/10\/IMG_20201021_134115_518.jpg?resize=768%2C576&amp;ssl=1 768w, https:\/\/i0.wp.com\/ostreisud.fr\/wp-content\/uploads\/2020\/10\/IMG_20201021_134115_518.jpg?resize=1536%2C1152&amp;ssl=1 1536w, https:\/\/i0.wp.com\/ostreisud.fr\/wp-content\/uploads\/2020\/10\/IMG_20201021_134115_518.jpg?resize=800%2C600&amp;ssl=1 800w\" data-sizes=\"(max-width: 1024px) 100vw, 1024px\" src=\"data:image\/svg+xml;base64,PHN2ZyB3aWR0aD0iMSIgaGVpZ2h0PSIxIiB4bWxucz0iaHR0cDovL3d3dy53My5vcmcvMjAwMC9zdmciPjwvc3ZnPg==\" style=\"--smush-placeholder-width: 1024px; --smush-placeholder-aspect-ratio: 1024\/768;\" \/>\t\t\t\t\t\t\t\t\t\t\t\t\t\t\t<\/div>\n\t\t\t\t<\/div>\n\t\t\t\t\t<\/div>\n\t\t<\/div>\n\t\t\t\t\t<\/div>\n\t\t<\/section>\n\t\t\t\t<section class=\"elementor-section elementor-top-section elementor-element elementor-element-104c28c elementor-section-boxed elementor-section-height-default elementor-section-height-default\" data-id=\"104c28c\" data-element_type=\"section\" data-e-type=\"section\">\n\t\t\t\t\t\t<div class=\"elementor-container elementor-column-gap-default\">\n\t\t\t\t\t<div class=\"elementor-column elementor-col-100 elementor-top-column elementor-element elementor-element-6a2be24\" data-id=\"6a2be24\" data-element_type=\"column\" data-e-type=\"column\">\n\t\t\t<div class=\"elementor-widget-wrap elementor-element-populated\">\n\t\t\t\t\t\t<div class=\"elementor-element elementor-element-9d2bfdf elementor-widget elementor-widget-heading\" data-id=\"9d2bfdf\" data-element_type=\"widget\" data-e-type=\"widget\" data-widget_type=\"heading.default\">\n\t\t\t\t<div class=\"elementor-widget-container\">\n\t\t\t\t\t<h2 class=\"elementor-heading-title elementor-size-default\">Commander vos huitres et moules de Bouzigues\n<\/h2>\t\t\t\t<\/div>\n\t\t\t\t<\/div>\n\t\t\t\t\t<\/div>\n\t\t<\/div>\n\t\t\t\t\t<\/div>\n\t\t<\/section>\n\t\t\t\t<section class=\"elementor-section elementor-top-section elementor-element elementor-element-4d3df16 elementor-section-boxed elementor-section-height-default elementor-section-height-default\" data-id=\"4d3df16\" data-element_type=\"section\" data-e-type=\"section\">\n\t\t\t\t\t\t<div class=\"elementor-container elementor-column-gap-default\">\n\t\t\t\t\t<div class=\"elementor-column elementor-col-100 elementor-top-column elementor-element elementor-element-ae75295\" data-id=\"ae75295\" data-element_type=\"column\" data-e-type=\"column\">\n\t\t\t<div class=\"elementor-widget-wrap elementor-element-populated\">\n\t\t\t\t\t\t<div class=\"elementor-element elementor-element-077eda6 elementor-widget elementor-widget-text-editor\" data-id=\"077eda6\" data-element_type=\"widget\" data-e-type=\"widget\" data-widget_type=\"text-editor.default\">\n\t\t\t\t<div class=\"elementor-widget-container\">\n\t\t\t\t\t\t\t\t\t<p>Mon service de vente directe \u00e0 l&rsquo;exploitation d&rsquo;huitres et moules de Bouzigues s&rsquo;adressent plut\u00f4t \u00e0 des particuliers d\u00e9sirant des petites quantit\u00e9s.<\/p>\n<p>Si vous \u00eates professionnels ou que vous avez besoin de grandes quantit\u00e9s (plus de 5 douzaines d&rsquo;huitres ou 10 kg de moules) il est pr\u00e9f\u00e9rable de me pr\u00e9venir la veille par t\u00e9l\u00e9phone, pour pr\u00e9server la qualit\u00e9 de mes produits je ne conserve que des quantit\u00e9s r\u00e9duites dans mon vivier.<\/p>\t\t\t\t\t\t\t\t<\/div>\n\t\t\t\t<\/div>\n\t\t\t\t\t<\/div>\n\t\t<\/div>\n\t\t\t\t\t<\/div>\n\t\t<\/section>\n\t\t\t\t<\/div>\n\t\t","protected":false},"excerpt":{"rendered":"<p>Vos huitres et moules de Bouzigues, directement chez le producteur Envie de d\u00e9guster chez vous des coquillages achet\u00e9s directement au producteur? Venez profiter de mon service de vente directe d&rsquo;huitres et de moules de Bouzigues \u00e0 l&rsquo;exploitation. Pour garantir une qualit\u00e9 optimale mes coquillages sont stock\u00e9s en vivier et \u00e9pur\u00e9s pendant 24h, conform\u00e9ment \u00e0 la [&hellip;]<\/p>\n","protected":false},"author":1,"featured_media":1677,"parent":0,"menu_order":0,"comment_status":"closed","ping_status":"closed","template":"","meta":{"_acf_changed":false,"zakra_page_container_layout":"customizer","zakra_page_sidebar_layout":"customizer","zakra_remove_content_margin":false,"zakra_sidebar":"customizer","zakra_transparent_header":"customizer","zakra_logo":0,"zakra_main_header_style":"default","zakra_menu_item_color":"","zakra_menu_item_hover_color":"","zakra_menu_item_active_color":"","zakra_menu_active_style":"","zakra_page_header":true,"footnotes":""},"class_list":["post-1621","page","type-page","status-publish","has-post-thumbnail","hentry"],"acf":[],"yoast_head":"<!-- This site is optimized with the Yoast SEO plugin v27.5 - https:\/\/yoast.com\/product\/yoast-seo-wordpress\/ -->\n<title>Vente directe d&#039;huitres et moules de Bouzigues \u00e0 Loupian Ostr\u00e9isud<\/title>\n<meta name=\"description\" content=\"Vente directe d&#039;huitres et de moules de Bouzigues chez le producteur, \u00e0 Loupian, au bord de l&#039;\u00e9tang de Thau.\" \/>\n<meta name=\"robots\" content=\"index, follow, max-snippet:-1, max-image-preview:large, max-video-preview:-1\" \/>\n<link rel=\"canonical\" href=\"https:\/\/ostreisud.fr\/?page_id=1621\" \/>\n<meta property=\"og:locale\" content=\"fr_FR\" \/>\n<meta property=\"og:type\" content=\"article\" \/>\n<meta property=\"og:title\" content=\"Vente directe d&#039;huitres et moules de Bouzigues \u00e0 Loupian Ostr\u00e9isud\" \/>\n<meta property=\"og:description\" content=\"Vente directe d&#039;huitres et de moules de Bouzigues chez le producteur, \u00e0 Loupian, au bord de l&#039;\u00e9tang de Thau.\" \/>\n<meta property=\"og:url\" content=\"https:\/\/ostreisud.fr\/?page_id=1621\" \/>\n<meta property=\"og:site_name\" content=\"Ostr\u00e9isud\" \/>\n<meta property=\"article:publisher\" content=\"https:\/\/www.facebook.com\/ostreisud\" \/>\n<meta property=\"article:modified_time\" content=\"2024-08-03T16:12:46+00:00\" \/>\n<meta property=\"og:image\" content=\"https:\/\/ostreisud.fr\/wp-content\/uploads\/2020\/09\/IMG_20200830_171725_526-Copier.jpg\" \/>\n\t<meta property=\"og:image:width\" content=\"812\" \/>\n\t<meta property=\"og:image:height\" content=\"1080\" \/>\n\t<meta property=\"og:image:type\" content=\"image\/jpeg\" \/>\n<meta name=\"twitter:card\" content=\"summary_large_image\" \/>\n<meta name=\"twitter:label1\" content=\"Dur\u00e9e de lecture estim\u00e9e\" \/>\n\t<meta name=\"twitter:data1\" content=\"2 minutes\" \/>\n<script type=\"application\/ld+json\" class=\"yoast-schema-graph\">{\"@context\":\"https:\\\/\\\/schema.org\",\"@graph\":[{\"@type\":\"WebPage\",\"@id\":\"https:\\\/\\\/ostreisud.fr\\\/?page_id=1621\",\"url\":\"https:\\\/\\\/ostreisud.fr\\\/?page_id=1621\",\"name\":\"Vente directe d'huitres et moules de Bouzigues \u00e0 Loupian Ostr\u00e9isud\",\"isPartOf\":{\"@id\":\"https:\\\/\\\/ostreisud.fr\\\/#website\"},\"primaryImageOfPage\":{\"@id\":\"https:\\\/\\\/ostreisud.fr\\\/?page_id=1621#primaryimage\"},\"image\":{\"@id\":\"https:\\\/\\\/ostreisud.fr\\\/?page_id=1621#primaryimage\"},\"thumbnailUrl\":\"https:\\\/\\\/i0.wp.com\\\/ostreisud.fr\\\/wp-content\\\/uploads\\\/2020\\\/09\\\/IMG_20200830_171725_526-Copier.jpg?fit=812%2C1080&ssl=1\",\"datePublished\":\"2020-09-13T15:18:50+00:00\",\"dateModified\":\"2024-08-03T16:12:46+00:00\",\"description\":\"Vente directe d'huitres et de moules de Bouzigues chez le producteur, \u00e0 Loupian, au bord de l'\u00e9tang de Thau.\",\"breadcrumb\":{\"@id\":\"https:\\\/\\\/ostreisud.fr\\\/?page_id=1621#breadcrumb\"},\"inLanguage\":\"fr-FR\",\"potentialAction\":[{\"@type\":\"ReadAction\",\"target\":[\"https:\\\/\\\/ostreisud.fr\\\/?page_id=1621\"]}]},{\"@type\":\"ImageObject\",\"inLanguage\":\"fr-FR\",\"@id\":\"https:\\\/\\\/ostreisud.fr\\\/?page_id=1621#primaryimage\",\"url\":\"https:\\\/\\\/i0.wp.com\\\/ostreisud.fr\\\/wp-content\\\/uploads\\\/2020\\\/09\\\/IMG_20200830_171725_526-Copier.jpg?fit=812%2C1080&ssl=1\",\"contentUrl\":\"https:\\\/\\\/i0.wp.com\\\/ostreisud.fr\\\/wp-content\\\/uploads\\\/2020\\\/09\\\/IMG_20200830_171725_526-Copier.jpg?fit=812%2C1080&ssl=1\",\"width\":812,\"height\":1080,\"caption\":\"huitres sp\u00e9ciales de Bouzigues pr\u00eates \u00e0 la vente\"},{\"@type\":\"BreadcrumbList\",\"@id\":\"https:\\\/\\\/ostreisud.fr\\\/?page_id=1621#breadcrumb\",\"itemListElement\":[{\"@type\":\"ListItem\",\"position\":1,\"name\":\"Accueil\",\"item\":\"https:\\\/\\\/ostreisud.fr\\\/\"},{\"@type\":\"ListItem\",\"position\":2,\"name\":\"Vente directe d&#8217;huitres et moules de Bouzigues \u00e0 Loupian\"}]},{\"@type\":\"WebSite\",\"@id\":\"https:\\\/\\\/ostreisud.fr\\\/#website\",\"url\":\"https:\\\/\\\/ostreisud.fr\\\/\",\"name\":\"Ostr\u00e9isud\",\"description\":\"Artisan ostr\u00e9iculteur, producteur d\u2019hu\u00eetres, de moules et de coquillages sur le bassin de Thau\",\"publisher\":{\"@id\":\"https:\\\/\\\/ostreisud.fr\\\/#organization\"},\"potentialAction\":[{\"@type\":\"SearchAction\",\"target\":{\"@type\":\"EntryPoint\",\"urlTemplate\":\"https:\\\/\\\/ostreisud.fr\\\/?s={search_term_string}\"},\"query-input\":{\"@type\":\"PropertyValueSpecification\",\"valueRequired\":true,\"valueName\":\"search_term_string\"}}],\"inLanguage\":\"fr-FR\"},{\"@type\":\"Organization\",\"@id\":\"https:\\\/\\\/ostreisud.fr\\\/#organization\",\"name\":\"Ostr\u00e9isud\",\"url\":\"https:\\\/\\\/ostreisud.fr\\\/\",\"logo\":{\"@type\":\"ImageObject\",\"inLanguage\":\"fr-FR\",\"@id\":\"https:\\\/\\\/ostreisud.fr\\\/#\\\/schema\\\/logo\\\/image\\\/\",\"url\":\"https:\\\/\\\/i2.wp.com\\\/ostreisud.fr\\\/wp-content\\\/uploads\\\/2020\\\/09\\\/Untitled-2-1-e1600143130840.png?fit=500%2C300&ssl=1\",\"contentUrl\":\"https:\\\/\\\/i2.wp.com\\\/ostreisud.fr\\\/wp-content\\\/uploads\\\/2020\\\/09\\\/Untitled-2-1-e1600143130840.png?fit=500%2C300&ssl=1\",\"width\":500,\"height\":300,\"caption\":\"Ostr\u00e9isud\"},\"image\":{\"@id\":\"https:\\\/\\\/ostreisud.fr\\\/#\\\/schema\\\/logo\\\/image\\\/\"},\"sameAs\":[\"https:\\\/\\\/www.facebook.com\\\/ostreisud\"]}]}<\/script>\n<!-- \/ Yoast SEO plugin. -->","yoast_head_json":{"title":"Vente directe d'huitres et moules de Bouzigues \u00e0 Loupian Ostr\u00e9isud","description":"Vente directe d'huitres et de moules de Bouzigues chez le producteur, \u00e0 Loupian, au bord de l'\u00e9tang de Thau.","robots":{"index":"index","follow":"follow","max-snippet":"max-snippet:-1","max-image-preview":"max-image-preview:large","max-video-preview":"max-video-preview:-1"},"canonical":"https:\/\/ostreisud.fr\/?page_id=1621","og_locale":"fr_FR","og_type":"article","og_title":"Vente directe d'huitres et moules de Bouzigues \u00e0 Loupian Ostr\u00e9isud","og_description":"Vente directe d'huitres et de moules de Bouzigues chez le producteur, \u00e0 Loupian, au bord de l'\u00e9tang de Thau.","og_url":"https:\/\/ostreisud.fr\/?page_id=1621","og_site_name":"Ostr\u00e9isud","article_publisher":"https:\/\/www.facebook.com\/ostreisud","article_modified_time":"2024-08-03T16:12:46+00:00","og_image":[{"width":812,"height":1080,"url":"https:\/\/ostreisud.fr\/wp-content\/uploads\/2020\/09\/IMG_20200830_171725_526-Copier.jpg","type":"image\/jpeg"}],"twitter_card":"summary_large_image","twitter_misc":{"Dur\u00e9e de lecture estim\u00e9e":"2 minutes"},"schema":{"@context":"https:\/\/schema.org","@graph":[{"@type":"WebPage","@id":"https:\/\/ostreisud.fr\/?page_id=1621","url":"https:\/\/ostreisud.fr\/?page_id=1621","name":"Vente directe d'huitres et moules de Bouzigues \u00e0 Loupian Ostr\u00e9isud","isPartOf":{"@id":"https:\/\/ostreisud.fr\/#website"},"primaryImageOfPage":{"@id":"https:\/\/ostreisud.fr\/?page_id=1621#primaryimage"},"image":{"@id":"https:\/\/ostreisud.fr\/?page_id=1621#primaryimage"},"thumbnailUrl":"https:\/\/i0.wp.com\/ostreisud.fr\/wp-content\/uploads\/2020\/09\/IMG_20200830_171725_526-Copier.jpg?fit=812%2C1080&ssl=1","datePublished":"2020-09-13T15:18:50+00:00","dateModified":"2024-08-03T16:12:46+00:00","description":"Vente directe d'huitres et de moules de Bouzigues chez le producteur, \u00e0 Loupian, au bord de l'\u00e9tang de Thau.","breadcrumb":{"@id":"https:\/\/ostreisud.fr\/?page_id=1621#breadcrumb"},"inLanguage":"fr-FR","potentialAction":[{"@type":"ReadAction","target":["https:\/\/ostreisud.fr\/?page_id=1621"]}]},{"@type":"ImageObject","inLanguage":"fr-FR","@id":"https:\/\/ostreisud.fr\/?page_id=1621#primaryimage","url":"https:\/\/i0.wp.com\/ostreisud.fr\/wp-content\/uploads\/2020\/09\/IMG_20200830_171725_526-Copier.jpg?fit=812%2C1080&ssl=1","contentUrl":"https:\/\/i0.wp.com\/ostreisud.fr\/wp-content\/uploads\/2020\/09\/IMG_20200830_171725_526-Copier.jpg?fit=812%2C1080&ssl=1","width":812,"height":1080,"caption":"huitres sp\u00e9ciales de Bouzigues pr\u00eates \u00e0 la vente"},{"@type":"BreadcrumbList","@id":"https:\/\/ostreisud.fr\/?page_id=1621#breadcrumb","itemListElement":[{"@type":"ListItem","position":1,"name":"Accueil","item":"https:\/\/ostreisud.fr\/"},{"@type":"ListItem","position":2,"name":"Vente directe d&#8217;huitres et moules de Bouzigues \u00e0 Loupian"}]},{"@type":"WebSite","@id":"https:\/\/ostreisud.fr\/#website","url":"https:\/\/ostreisud.fr\/","name":"Ostr\u00e9isud","description":"Artisan ostr\u00e9iculteur, producteur d\u2019hu\u00eetres, de moules et de coquillages sur le bassin de Thau","publisher":{"@id":"https:\/\/ostreisud.fr\/#organization"},"potentialAction":[{"@type":"SearchAction","target":{"@type":"EntryPoint","urlTemplate":"https:\/\/ostreisud.fr\/?s={search_term_string}"},"query-input":{"@type":"PropertyValueSpecification","valueRequired":true,"valueName":"search_term_string"}}],"inLanguage":"fr-FR"},{"@type":"Organization","@id":"https:\/\/ostreisud.fr\/#organization","name":"Ostr\u00e9isud","url":"https:\/\/ostreisud.fr\/","logo":{"@type":"ImageObject","inLanguage":"fr-FR","@id":"https:\/\/ostreisud.fr\/#\/schema\/logo\/image\/","url":"https:\/\/i2.wp.com\/ostreisud.fr\/wp-content\/uploads\/2020\/09\/Untitled-2-1-e1600143130840.png?fit=500%2C300&ssl=1","contentUrl":"https:\/\/i2.wp.com\/ostreisud.fr\/wp-content\/uploads\/2020\/09\/Untitled-2-1-e1600143130840.png?fit=500%2C300&ssl=1","width":500,"height":300,"caption":"Ostr\u00e9isud"},"image":{"@id":"https:\/\/ostreisud.fr\/#\/schema\/logo\/image\/"},"sameAs":["https:\/\/www.facebook.com\/ostreisud"]}]}},"jetpack_sharing_enabled":true,"_links":{"self":[{"href":"https:\/\/ostreisud.fr\/index.php?rest_route=\/wp\/v2\/pages\/1621","targetHints":{"allow":["GET"]}}],"collection":[{"href":"https:\/\/ostreisud.fr\/index.php?rest_route=\/wp\/v2\/pages"}],"about":[{"href":"https:\/\/ostreisud.fr\/index.php?rest_route=\/wp\/v2\/types\/page"}],"author":[{"embeddable":true,"href":"https:\/\/ostreisud.fr\/index.php?rest_route=\/wp\/v2\/users\/1"}],"replies":[{"embeddable":true,"href":"https:\/\/ostreisud.fr\/index.php?rest_route=%2Fwp%2Fv2%2Fcomments&post=1621"}],"version-history":[{"count":17,"href":"https:\/\/ostreisud.fr\/index.php?rest_route=\/wp\/v2\/pages\/1621\/revisions"}],"predecessor-version":[{"id":7200,"href":"https:\/\/ostreisud.fr\/index.php?rest_route=\/wp\/v2\/pages\/1621\/revisions\/7200"}],"wp:featuredmedia":[{"embeddable":true,"href":"https:\/\/ostreisud.fr\/index.php?rest_route=\/wp\/v2\/media\/1677"}],"wp:attachment":[{"href":"https:\/\/ostreisud.fr\/index.php?rest_route=%2Fwp%2Fv2%2Fmedia&parent=1621"}],"curies":[{"name":"wp","href":"https:\/\/api.w.org\/{rel}","templated":true}]}}