{"id":5787,"date":"2024-04-30T20:21:42","date_gmt":"2024-04-30T18:21:42","guid":{"rendered":"https:\/\/ostreisud.fr\/?page_id=5787"},"modified":"2024-04-30T20:26:23","modified_gmt":"2024-04-30T18:26:23","slug":"cgu-ostreisud","status":"publish","type":"page","link":"https:\/\/ostreisud.fr\/?page_id=5787","title":{"rendered":"Conditions g\u00e9n\u00e9rales d&rsquo;utilisation du site Ostr\u00e9isud.fr"},"content":{"rendered":"\t\t<div data-elementor-type=\"wp-page\" data-elementor-id=\"5787\" class=\"elementor elementor-5787\">\n\t\t\t\t\t\t<section class=\"elementor-section elementor-top-section elementor-element elementor-element-4725a9c elementor-section-boxed elementor-section-height-default elementor-section-height-default\" data-id=\"4725a9c\" data-element_type=\"section\" data-e-type=\"section\">\n\t\t\t\t\t\t<div class=\"elementor-container elementor-column-gap-default\">\n\t\t\t\t\t<div class=\"elementor-column elementor-col-100 elementor-top-column elementor-element elementor-element-0f491e2\" data-id=\"0f491e2\" data-element_type=\"column\" data-e-type=\"column\">\n\t\t\t<div class=\"elementor-widget-wrap elementor-element-populated\">\n\t\t\t\t\t\t<div class=\"elementor-element elementor-element-a66a61a elementor-widget elementor-widget-heading\" data-id=\"a66a61a\" data-element_type=\"widget\" data-e-type=\"widget\" data-widget_type=\"heading.default\">\n\t\t\t\t<div class=\"elementor-widget-container\">\n\t\t\t\t\t<h2 class=\"elementor-heading-title elementor-size-default\">Conditions g\u00e9n\u00e9rales d'utilisation<br> du site Ostr\u00e9isud.fr<\/h2>\t\t\t\t<\/div>\n\t\t\t\t<\/div>\n\t\t\t\t\t<\/div>\n\t\t<\/div>\n\t\t\t\t\t<\/div>\n\t\t<\/section>\n\t\t\t\t<section class=\"elementor-section elementor-top-section elementor-element elementor-element-15c0c2f elementor-section-boxed elementor-section-height-default elementor-section-height-default\" data-id=\"15c0c2f\" data-element_type=\"section\" data-e-type=\"section\">\n\t\t\t\t\t\t<div class=\"elementor-container elementor-column-gap-default\">\n\t\t\t\t\t<div class=\"elementor-column elementor-col-100 elementor-top-column elementor-element elementor-element-6c64d78\" data-id=\"6c64d78\" data-element_type=\"column\" data-e-type=\"column\">\n\t\t\t<div class=\"elementor-widget-wrap elementor-element-populated\">\n\t\t\t\t\t\t<div class=\"elementor-element elementor-element-bf44e94 elementor-widget elementor-widget-text-editor\" data-id=\"bf44e94\" data-element_type=\"widget\" data-e-type=\"widget\" data-widget_type=\"text-editor.default\">\n\t\t\t\t<div class=\"elementor-widget-container\">\n\t\t\t\t\t\t\t\t\t<ol><li><span style=\"font-size: 10pt;\"><b> Pr\u00e9sentation de la soci\u00e9t\u00e9 Ostr\u00e9isud<\/b><\/span><\/li><\/ol><p><span style=\"font-size: 10pt;\">La soci\u00e9t\u00e9 Ostr\u00e9isud, exploitant agricole \u00e0 responsabilit\u00e9 limit\u00e9e (EARL), a \u00e9t\u00e9 cr\u00e9\u00e9e le 01-12-2016. Les statuts constitutifs de l&rsquo;entreprise sont en vigueur depuis le 31-12-2016. Ostr\u00e9isud 21 Quai de la R\u00e9publique, 34200 S\u00e8te. La soci\u00e9t\u00e9 est enregistr\u00e9e sous les num\u00e9ros suivants :<\/span><\/p><ul><li aria-level=\"1\"><span style=\"font-size: 10pt;\">Num\u00e9ro SIREN : 824406839<\/span><\/li><li aria-level=\"1\"><span style=\"font-size: 10pt;\">Num\u00e9ro SIRET (si\u00e8ge social) : 82440683900012<\/span><\/li><li aria-level=\"1\"><span style=\"font-size: 10pt;\">Num\u00e9ro TVA Intracommunautaire : FR83824406839<\/span><\/li><li aria-level=\"1\"><span style=\"font-size: 10pt;\">Num\u00e9ro RCS Montpellier : D 824 406 839<\/span><\/li><\/ul><ol start=\"2\"><li><span style=\"font-size: 10pt;\"><b> Informations sur l&rsquo;h\u00e9bergeur<\/b><\/span><\/li><\/ol><p><span style=\"font-size: 10pt;\">Le site Internet d&rsquo;Ostr\u00e9isud est h\u00e9berg\u00e9 par OVH SAS, une soci\u00e9t\u00e9 au capital de 10 174 560 \u20ac, immatricul\u00e9e au RCS de Lille M\u00e9tropole sous le num\u00e9ro 424 761 419 00045. Son code APE est 2620Z et son num\u00e9ro de TVA est FR 22 424 761 419. Le si\u00e8ge social d&rsquo;OVH SAS est situ\u00e9 au 2 rue Kellermann, 59100 Roubaix, France. OVH SAS est une filiale de la soci\u00e9t\u00e9 OVH Groupe SA, immatricul\u00e9e au RCS de Lille sous le num\u00e9ro 537 407 926, dont le si\u00e8ge social est \u00e9galement situ\u00e9 au 2 rue Kellermann, 59100 Roubaix, France. Le directeur de la publication est Michel Paulin.<\/span><\/p><ol start=\"3\"><li><span style=\"font-size: 10pt;\"><b> Acceptation des Conditions G\u00e9n\u00e9rales d&rsquo;Utilisation<\/b><\/span><\/li><\/ol><p><span style=\"font-size: 10pt;\">L&rsquo;acc\u00e8s et l&rsquo;utilisation du site Internet d&rsquo;Ostr\u00e9isud sont soumis \u00e0 l&rsquo;acceptation et au respect des pr\u00e9sentes Conditions G\u00e9n\u00e9rales d&rsquo;Utilisation. En acc\u00e9dant au site, vous acceptez implicitement ces conditions.<\/span><\/p><ol start=\"4\"><li><span style=\"font-size: 10pt;\"><b> Modification des CGU<\/b><\/span><\/li><\/ol><p><span style=\"font-size: 10pt;\">Ostr\u00e9isud se r\u00e9serve le droit de modifier unilat\u00e9ralement et \u00e0 tout moment les pr\u00e9sentes Conditions G\u00e9n\u00e9rales d&rsquo;Utilisation. Les utilisateurs sont donc invit\u00e9s \u00e0 les consulter r\u00e9guli\u00e8rement afin de se tenir inform\u00e9s des \u00e9ventuelles modifications.<\/span><\/p><ol start=\"5\"><li><span style=\"font-size: 10pt;\"><b> Contact<\/b><\/span><\/li><\/ol><p><span style=\"font-size: 10pt;\">Pour toute question ou demande concernant les pr\u00e9sentes CGU, vous pouvez contacter Ostr\u00e9isud aux coordonn\u00e9es suivantes : <a href=\"mailto:alexandre.cessateur@gmail.com\">alexandre.cessateur@gmail.com<\/a> &#8211; 06 42 04 20 18<\/span><\/p>\t\t\t\t\t\t\t\t<\/div>\n\t\t\t\t<\/div>\n\t\t\t\t\t<\/div>\n\t\t<\/div>\n\t\t\t\t\t<\/div>\n\t\t<\/section>\n\t\t\t\t<\/div>\n\t\t","protected":false},"excerpt":{"rendered":"<p>Conditions g\u00e9n\u00e9rales d&rsquo;utilisation du site Ostr\u00e9isud.fr Pr\u00e9sentation de la soci\u00e9t\u00e9 Ostr\u00e9isud La soci\u00e9t\u00e9 Ostr\u00e9isud, exploitant agricole \u00e0 responsabilit\u00e9 limit\u00e9e (EARL), a \u00e9t\u00e9 cr\u00e9\u00e9e le 01-12-2016. Les statuts constitutifs de l&rsquo;entreprise sont en vigueur depuis le 31-12-2016. Ostr\u00e9isud 21 Quai de la R\u00e9publique, 34200 S\u00e8te. La soci\u00e9t\u00e9 est enregistr\u00e9e sous les num\u00e9ros suivants : Num\u00e9ro SIREN [&hellip;]<\/p>\n","protected":false},"author":5,"featured_media":0,"parent":0,"menu_order":0,"comment_status":"closed","ping_status":"closed","template":"","meta":{"_acf_changed":false,"zakra_page_container_layout":"customizer","zakra_page_sidebar_layout":"customizer","zakra_remove_content_margin":false,"zakra_sidebar":"customizer","zakra_transparent_header":"customizer","zakra_logo":0,"zakra_main_header_style":"default","zakra_menu_item_color":"","zakra_menu_item_hover_color":"","zakra_menu_item_active_color":"","zakra_menu_active_style":"","zakra_page_header":true,"footnotes":""},"class_list":["post-5787","page","type-page","status-publish","hentry"],"acf":[],"yoast_head":"<!-- This site is optimized with the Yoast SEO plugin v27.4 - https:\/\/yoast.com\/product\/yoast-seo-wordpress\/ -->\n<title>Conditions g\u00e9n\u00e9rales d&#039;utilisation du site Ostr\u00e9isud.fr Ostr\u00e9isud<\/title>\n<meta name=\"robots\" content=\"index, follow, max-snippet:-1, max-image-preview:large, max-video-preview:-1\" \/>\n<link rel=\"canonical\" href=\"https:\/\/ostreisud.fr\/?page_id=5787\" \/>\n<meta property=\"og:locale\" content=\"fr_FR\" \/>\n<meta property=\"og:type\" content=\"article\" \/>\n<meta property=\"og:title\" content=\"Conditions g\u00e9n\u00e9rales d&#039;utilisation du site Ostr\u00e9isud.fr Ostr\u00e9isud\" \/>\n<meta property=\"og:description\" content=\"Conditions g\u00e9n\u00e9rales d&rsquo;utilisation du site Ostr\u00e9isud.fr Pr\u00e9sentation de la soci\u00e9t\u00e9 Ostr\u00e9isud La soci\u00e9t\u00e9 Ostr\u00e9isud, exploitant agricole \u00e0 responsabilit\u00e9 limit\u00e9e (EARL), a \u00e9t\u00e9 cr\u00e9\u00e9e le 01-12-2016. Les statuts constitutifs de l&rsquo;entreprise sont en vigueur depuis le 31-12-2016. Ostr\u00e9isud 21 Quai de la R\u00e9publique, 34200 S\u00e8te. La soci\u00e9t\u00e9 est enregistr\u00e9e sous les num\u00e9ros suivants : Num\u00e9ro SIREN [&hellip;]\" \/>\n<meta property=\"og:url\" content=\"https:\/\/ostreisud.fr\/?page_id=5787\" \/>\n<meta property=\"og:site_name\" content=\"Ostr\u00e9isud\" \/>\n<meta property=\"article:publisher\" content=\"https:\/\/www.facebook.com\/ostreisud\" \/>\n<meta property=\"article:modified_time\" content=\"2024-04-30T18:26:23+00:00\" \/>\n<meta name=\"twitter:card\" content=\"summary_large_image\" \/>\n<meta name=\"twitter:label1\" content=\"Dur\u00e9e de lecture estim\u00e9e\" \/>\n\t<meta name=\"twitter:data1\" content=\"2 minutes\" \/>\n<script type=\"application\/ld+json\" class=\"yoast-schema-graph\">{\"@context\":\"https:\\\/\\\/schema.org\",\"@graph\":[{\"@type\":\"WebPage\",\"@id\":\"https:\\\/\\\/ostreisud.fr\\\/?page_id=5787\",\"url\":\"https:\\\/\\\/ostreisud.fr\\\/?page_id=5787\",\"name\":\"Conditions g\u00e9n\u00e9rales d'utilisation du site Ostr\u00e9isud.fr Ostr\u00e9isud\",\"isPartOf\":{\"@id\":\"https:\\\/\\\/ostreisud.fr\\\/#website\"},\"datePublished\":\"2024-04-30T18:21:42+00:00\",\"dateModified\":\"2024-04-30T18:26:23+00:00\",\"breadcrumb\":{\"@id\":\"https:\\\/\\\/ostreisud.fr\\\/?page_id=5787#breadcrumb\"},\"inLanguage\":\"fr-FR\",\"potentialAction\":[{\"@type\":\"ReadAction\",\"target\":[\"https:\\\/\\\/ostreisud.fr\\\/?page_id=5787\"]}]},{\"@type\":\"BreadcrumbList\",\"@id\":\"https:\\\/\\\/ostreisud.fr\\\/?page_id=5787#breadcrumb\",\"itemListElement\":[{\"@type\":\"ListItem\",\"position\":1,\"name\":\"Accueil\",\"item\":\"https:\\\/\\\/ostreisud.fr\\\/\"},{\"@type\":\"ListItem\",\"position\":2,\"name\":\"Conditions g\u00e9n\u00e9rales d&#8217;utilisation du site Ostr\u00e9isud.fr\"}]},{\"@type\":\"WebSite\",\"@id\":\"https:\\\/\\\/ostreisud.fr\\\/#website\",\"url\":\"https:\\\/\\\/ostreisud.fr\\\/\",\"name\":\"Ostr\u00e9isud\",\"description\":\"Artisan ostr\u00e9iculteur, producteur d\u2019hu\u00eetres, de moules et de coquillages sur le bassin de Thau\",\"publisher\":{\"@id\":\"https:\\\/\\\/ostreisud.fr\\\/#organization\"},\"potentialAction\":[{\"@type\":\"SearchAction\",\"target\":{\"@type\":\"EntryPoint\",\"urlTemplate\":\"https:\\\/\\\/ostreisud.fr\\\/?s={search_term_string}\"},\"query-input\":{\"@type\":\"PropertyValueSpecification\",\"valueRequired\":true,\"valueName\":\"search_term_string\"}}],\"inLanguage\":\"fr-FR\"},{\"@type\":\"Organization\",\"@id\":\"https:\\\/\\\/ostreisud.fr\\\/#organization\",\"name\":\"Ostr\u00e9isud\",\"url\":\"https:\\\/\\\/ostreisud.fr\\\/\",\"logo\":{\"@type\":\"ImageObject\",\"inLanguage\":\"fr-FR\",\"@id\":\"https:\\\/\\\/ostreisud.fr\\\/#\\\/schema\\\/logo\\\/image\\\/\",\"url\":\"https:\\\/\\\/i2.wp.com\\\/ostreisud.fr\\\/wp-content\\\/uploads\\\/2020\\\/09\\\/Untitled-2-1-e1600143130840.png?fit=500%2C300&ssl=1\",\"contentUrl\":\"https:\\\/\\\/i2.wp.com\\\/ostreisud.fr\\\/wp-content\\\/uploads\\\/2020\\\/09\\\/Untitled-2-1-e1600143130840.png?fit=500%2C300&ssl=1\",\"width\":500,\"height\":300,\"caption\":\"Ostr\u00e9isud\"},\"image\":{\"@id\":\"https:\\\/\\\/ostreisud.fr\\\/#\\\/schema\\\/logo\\\/image\\\/\"},\"sameAs\":[\"https:\\\/\\\/www.facebook.com\\\/ostreisud\"]}]}<\/script>\n<!-- \/ Yoast SEO plugin. -->","yoast_head_json":{"title":"Conditions g\u00e9n\u00e9rales d'utilisation du site Ostr\u00e9isud.fr Ostr\u00e9isud","robots":{"index":"index","follow":"follow","max-snippet":"max-snippet:-1","max-image-preview":"max-image-preview:large","max-video-preview":"max-video-preview:-1"},"canonical":"https:\/\/ostreisud.fr\/?page_id=5787","og_locale":"fr_FR","og_type":"article","og_title":"Conditions g\u00e9n\u00e9rales d'utilisation du site Ostr\u00e9isud.fr Ostr\u00e9isud","og_description":"Conditions g\u00e9n\u00e9rales d&rsquo;utilisation du site Ostr\u00e9isud.fr Pr\u00e9sentation de la soci\u00e9t\u00e9 Ostr\u00e9isud La soci\u00e9t\u00e9 Ostr\u00e9isud, exploitant agricole \u00e0 responsabilit\u00e9 limit\u00e9e (EARL), a \u00e9t\u00e9 cr\u00e9\u00e9e le 01-12-2016. Les statuts constitutifs de l&rsquo;entreprise sont en vigueur depuis le 31-12-2016. Ostr\u00e9isud 21 Quai de la R\u00e9publique, 34200 S\u00e8te. La soci\u00e9t\u00e9 est enregistr\u00e9e sous les num\u00e9ros suivants : Num\u00e9ro SIREN [&hellip;]","og_url":"https:\/\/ostreisud.fr\/?page_id=5787","og_site_name":"Ostr\u00e9isud","article_publisher":"https:\/\/www.facebook.com\/ostreisud","article_modified_time":"2024-04-30T18:26:23+00:00","twitter_card":"summary_large_image","twitter_misc":{"Dur\u00e9e de lecture estim\u00e9e":"2 minutes"},"schema":{"@context":"https:\/\/schema.org","@graph":[{"@type":"WebPage","@id":"https:\/\/ostreisud.fr\/?page_id=5787","url":"https:\/\/ostreisud.fr\/?page_id=5787","name":"Conditions g\u00e9n\u00e9rales d'utilisation du site Ostr\u00e9isud.fr Ostr\u00e9isud","isPartOf":{"@id":"https:\/\/ostreisud.fr\/#website"},"datePublished":"2024-04-30T18:21:42+00:00","dateModified":"2024-04-30T18:26:23+00:00","breadcrumb":{"@id":"https:\/\/ostreisud.fr\/?page_id=5787#breadcrumb"},"inLanguage":"fr-FR","potentialAction":[{"@type":"ReadAction","target":["https:\/\/ostreisud.fr\/?page_id=5787"]}]},{"@type":"BreadcrumbList","@id":"https:\/\/ostreisud.fr\/?page_id=5787#breadcrumb","itemListElement":[{"@type":"ListItem","position":1,"name":"Accueil","item":"https:\/\/ostreisud.fr\/"},{"@type":"ListItem","position":2,"name":"Conditions g\u00e9n\u00e9rales d&#8217;utilisation du site Ostr\u00e9isud.fr"}]},{"@type":"WebSite","@id":"https:\/\/ostreisud.fr\/#website","url":"https:\/\/ostreisud.fr\/","name":"Ostr\u00e9isud","description":"Artisan ostr\u00e9iculteur, producteur d\u2019hu\u00eetres, de moules et de coquillages sur le bassin de Thau","publisher":{"@id":"https:\/\/ostreisud.fr\/#organization"},"potentialAction":[{"@type":"SearchAction","target":{"@type":"EntryPoint","urlTemplate":"https:\/\/ostreisud.fr\/?s={search_term_string}"},"query-input":{"@type":"PropertyValueSpecification","valueRequired":true,"valueName":"search_term_string"}}],"inLanguage":"fr-FR"},{"@type":"Organization","@id":"https:\/\/ostreisud.fr\/#organization","name":"Ostr\u00e9isud","url":"https:\/\/ostreisud.fr\/","logo":{"@type":"ImageObject","inLanguage":"fr-FR","@id":"https:\/\/ostreisud.fr\/#\/schema\/logo\/image\/","url":"https:\/\/i2.wp.com\/ostreisud.fr\/wp-content\/uploads\/2020\/09\/Untitled-2-1-e1600143130840.png?fit=500%2C300&ssl=1","contentUrl":"https:\/\/i2.wp.com\/ostreisud.fr\/wp-content\/uploads\/2020\/09\/Untitled-2-1-e1600143130840.png?fit=500%2C300&ssl=1","width":500,"height":300,"caption":"Ostr\u00e9isud"},"image":{"@id":"https:\/\/ostreisud.fr\/#\/schema\/logo\/image\/"},"sameAs":["https:\/\/www.facebook.com\/ostreisud"]}]}},"jetpack_sharing_enabled":true,"_links":{"self":[{"href":"https:\/\/ostreisud.fr\/index.php?rest_route=\/wp\/v2\/pages\/5787","targetHints":{"allow":["GET"]}}],"collection":[{"href":"https:\/\/ostreisud.fr\/index.php?rest_route=\/wp\/v2\/pages"}],"about":[{"href":"https:\/\/ostreisud.fr\/index.php?rest_route=\/wp\/v2\/types\/page"}],"author":[{"embeddable":true,"href":"https:\/\/ostreisud.fr\/index.php?rest_route=\/wp\/v2\/users\/5"}],"replies":[{"embeddable":true,"href":"https:\/\/ostreisud.fr\/index.php?rest_route=%2Fwp%2Fv2%2Fcomments&post=5787"}],"version-history":[{"count":10,"href":"https:\/\/ostreisud.fr\/index.php?rest_route=\/wp\/v2\/pages\/5787\/revisions"}],"predecessor-version":[{"id":5797,"href":"https:\/\/ostreisud.fr\/index.php?rest_route=\/wp\/v2\/pages\/5787\/revisions\/5797"}],"wp:attachment":[{"href":"https:\/\/ostreisud.fr\/index.php?rest_route=%2Fwp%2Fv2%2Fmedia&parent=5787"}],"curies":[{"name":"wp","href":"https:\/\/api.w.org\/{rel}","templated":true}]}}