{"id":655,"date":"2020-08-28T04:02:38","date_gmt":"2020-08-28T02:02:38","guid":{"rendered":"http:\/\/ostreisud.fr\/?page_id=655"},"modified":"2024-06-04T10:44:21","modified_gmt":"2024-06-04T08:44:21","slug":"ostreisud-gerant-parcours","status":"publish","type":"page","link":"https:\/\/ostreisud.fr\/?page_id=655","title":{"rendered":"Mon parcours de cadre \u00e0 ostr\u00e9iculteur dans l&rsquo;\u00e9tang de Thau"},"content":{"rendered":"\t\t<div data-elementor-type=\"wp-page\" data-elementor-id=\"655\" class=\"elementor elementor-655\">\n\t\t\t\t\t\t<section class=\"elementor-section elementor-top-section elementor-element elementor-element-7ddf38e4 elementor-section-stretched elementor-section-boxed elementor-section-height-default elementor-section-height-default\" data-id=\"7ddf38e4\" data-element_type=\"section\" data-e-type=\"section\" data-settings=\"{&quot;stretch_section&quot;:&quot;section-stretched&quot;}\">\n\t\t\t\t\t\t<div class=\"elementor-container elementor-column-gap-default\">\n\t\t\t\t\t<div class=\"elementor-column elementor-col-100 elementor-top-column elementor-element elementor-element-15fff208\" data-id=\"15fff208\" data-element_type=\"column\" data-e-type=\"column\">\n\t\t\t<div class=\"elementor-widget-wrap elementor-element-populated\">\n\t\t\t\t\t\t<div class=\"elementor-element elementor-element-6a400cc8 elementor-widget elementor-widget-text-editor\" data-id=\"6a400cc8\" data-element_type=\"widget\" data-e-type=\"widget\" data-widget_type=\"text-editor.default\">\n\t\t\t\t<div class=\"elementor-widget-container\">\n\t\t\t\t\t\t\t\t\t<p><\/p>\n<p class=\"has-text-align-center\" style=\"text-align: center;\"><em>Comment je suis devenu ostr\u00e9iculteur dans l&rsquo;\u00e9tang de Thau.<\/em><\/p>\n<p><\/p>\n<h2 class=\"margin-bottom-half wp-block-heading\" style=\"text-align: left;\">Alexandre Cessateur, de l&rsquo;industrie \u00e0 ostr\u00e9iculteur dans l&rsquo;\u00e9tang de Thau<\/h2>\n<p><\/p>\n<h5 style=\"text-align: left;\">Mes origines et mon parcours scolaire<\/h5>\n<p><\/p>\n<p class=\"has-text-align-center\" style=\"text-align: left;\">Je suis originaire de Cestas, \u00e0 cot\u00e9 de Bordeaux. Je ne viens pas du milieu de l&rsquo;ostr\u00e9iculture mais j&rsquo;ai toujours aspir\u00e9 \u00e0 travailler avec des animaux aquatiques. Un bac S en poche je suis parti \u00e9tudier au <a href=\"http:\/\/www.lyceebourcefranc.fr\/\">Lyc\u00e9e de la Mer de Bourcefrancde Chapus<\/a> en Charente maritime.<\/p>\n<p><\/p>\n<p class=\"has-text-align-center\" style=\"text-align: left;\">Apr\u00e8s mon BTS j&rsquo;ai int\u00e9grer <a href=\"https:\/\/www.montpellier-supagro.fr\/\">Montpellier Sup Agro<\/a> puis \u00e0 <a href=\"https:\/\/www.agrocampus-ouest.fr\/\">l&rsquo;Agrocampus Ouest<\/a> \u00e0 Rennes. Devenu ing\u00e9nieur j\u2019ai occup\u00e9 des postes tr\u00e8s vari\u00e9s. Observateur des p\u00eaches embarqu\u00e9s sur des thoniers cong\u00e9lateurs dans l&rsquo;oc\u00e9an indiens. Technicien en production de semence de tournesols et enfin responsable de projet de plantation et QSE dans l\u2019industrie des \u00e9nergies renouvelables.<\/p>\n<p><\/p>\n<p><\/p>\t\t\t\t\t\t\t\t<\/div>\n\t\t\t\t<\/div>\n\t\t\t\t\t<\/div>\n\t\t<\/div>\n\t\t\t\t\t<\/div>\n\t\t<\/section>\n\t\t\t\t<section class=\"elementor-section elementor-top-section elementor-element elementor-element-dc28bea elementor-section-stretched elementor-section-boxed elementor-section-height-default elementor-section-height-default\" data-id=\"dc28bea\" data-element_type=\"section\" data-e-type=\"section\" data-settings=\"{&quot;stretch_section&quot;:&quot;section-stretched&quot;}\">\n\t\t\t\t\t\t<div class=\"elementor-container elementor-column-gap-default\">\n\t\t\t\t\t<div class=\"elementor-column elementor-col-100 elementor-top-column elementor-element elementor-element-1a1a5ba\" data-id=\"1a1a5ba\" data-element_type=\"column\" data-e-type=\"column\">\n\t\t\t<div class=\"elementor-widget-wrap elementor-element-populated\">\n\t\t\t\t\t\t<div class=\"elementor-element elementor-element-04924df elementor-widget elementor-widget-image\" data-id=\"04924df\" data-element_type=\"widget\" data-e-type=\"widget\" data-widget_type=\"image.default\">\n\t\t\t\t<div class=\"elementor-widget-container\">\n\t\t\t\t\t\t\t\t\t\t\t\t\t\t\t<img fetchpriority=\"high\" decoding=\"async\" width=\"812\" height=\"336\" src=\"https:\/\/i0.wp.com\/ostreisud.fr\/wp-content\/uploads\/2024\/05\/histoire-ostreisud-2.png?fit=812%2C336&amp;ssl=1\" class=\"attachment-large size-large wp-image-6929\" alt=\"\" srcset=\"https:\/\/i0.wp.com\/ostreisud.fr\/wp-content\/uploads\/2024\/05\/histoire-ostreisud-2.png?w=1600&amp;ssl=1 1600w, https:\/\/i0.wp.com\/ostreisud.fr\/wp-content\/uploads\/2024\/05\/histoire-ostreisud-2.png?resize=300%2C124&amp;ssl=1 300w, https:\/\/i0.wp.com\/ostreisud.fr\/wp-content\/uploads\/2024\/05\/histoire-ostreisud-2.png?resize=1024%2C424&amp;ssl=1 1024w, https:\/\/i0.wp.com\/ostreisud.fr\/wp-content\/uploads\/2024\/05\/histoire-ostreisud-2.png?resize=768%2C318&amp;ssl=1 768w, https:\/\/i0.wp.com\/ostreisud.fr\/wp-content\/uploads\/2024\/05\/histoire-ostreisud-2.png?resize=1536%2C636&amp;ssl=1 1536w\" sizes=\"(max-width: 812px) 100vw, 812px\" \/>\t\t\t\t\t\t\t\t\t\t\t\t\t\t\t<\/div>\n\t\t\t\t<\/div>\n\t\t\t\t\t<\/div>\n\t\t<\/div>\n\t\t\t\t\t<\/div>\n\t\t<\/section>\n\t\t\t\t<section class=\"elementor-section elementor-top-section elementor-element elementor-element-e220a4f elementor-section-stretched elementor-section-boxed elementor-section-height-default elementor-section-height-default\" data-id=\"e220a4f\" data-element_type=\"section\" data-e-type=\"section\" data-settings=\"{&quot;stretch_section&quot;:&quot;section-stretched&quot;}\">\n\t\t\t\t\t\t<div class=\"elementor-container elementor-column-gap-default\">\n\t\t\t\t\t<div class=\"elementor-column elementor-col-100 elementor-top-column elementor-element elementor-element-ec23e46\" data-id=\"ec23e46\" data-element_type=\"column\" data-e-type=\"column\">\n\t\t\t<div class=\"elementor-widget-wrap elementor-element-populated\">\n\t\t\t\t\t\t<div class=\"elementor-element elementor-element-80240f8 elementor-widget elementor-widget-text-editor\" data-id=\"80240f8\" data-element_type=\"widget\" data-e-type=\"widget\" data-widget_type=\"text-editor.default\">\n\t\t\t\t<div class=\"elementor-widget-container\">\n\t\t\t\t\t\t\t\t\t<p><\/p>\n<p><\/p>\n<h3 class=\"has-text-align-center wp-block-heading\" style=\"text-align: left;\">La d\u00e9couverte et l&rsquo;installation dans l&rsquo;\u00e9tang de Thau<\/h3>\n<p><\/p>\n<p class=\"has-text-align-center\" style=\"text-align: left;\">Quelques mois de salariat m&rsquo;ont rapidement fait comprendre que cette vie enferm\u00e9 dans un bureau n&rsquo;\u00e9tait pas faite pour moi. J&rsquo;aspirai \u00e0 devenir mon propre patron et revenir dans mon environnement favoris, le milieu marin.<\/p>\n<p><\/p>\n<p class=\"has-text-align-center\" style=\"text-align: left;\">D\u00e9but 2015 j\u2019ai n\u00e9goci\u00e9 une rupture conventionnelle. Je m&rsquo;\u00e9tais engag\u00e9 dans un projet d&rsquo;\u00e9levage de coquillage en pleine mer, avec un ancien coll\u00e8gue comme associ\u00e9. J&rsquo;ai alors visit\u00e9 l&rsquo;\u00e9tang de Thau, d\u00e9couvert le m\u00e9tier d&rsquo;ostr\u00e9iculteur et go\u00fbter des <a href=\"https:\/\/ostreisud.fr\/index.php\/lhuitres-de-bouzigues\/\" target=\"_blank\" rel=\"noreferrer noopener\">hu\u00eetres de Bouzigues <\/a>d&rsquo;une qualit\u00e9 incroyable. J&rsquo;\u00e9tais sous le charme, mais pour en \u00eatre tout restait \u00e0 faire<\/p>\n<p><\/p>\n<p class=\"has-text-align-center\" style=\"text-align: left;\">Arriv\u00e9 \u00e0 l&rsquo;automne 2015 je me suis mis en qu\u00eate d&rsquo;une exploitation \u00e0 reprendre. Il m&rsquo;a paru incontournable d&rsquo;int\u00e9grer l&rsquo;activit\u00e9 de d\u00e9gustation dans mon projet.<\/p>\n<p><\/p>\n<p class=\"has-text-align-center\" style=\"text-align: left;\">Apr\u00e8s avoir visit\u00e9 une douzaine d&rsquo;exploitations mon choix s&rsquo;est port\u00e9 sur Ostr\u00e9isud. Bien que l&rsquo;entreprise n&rsquo;avait pas d&rsquo;activit\u00e9 de d\u00e9gustation, le mas \u00e9tait assez grand pour accueillir une terrasse. L&rsquo;entreprise avait d\u00e9j\u00e0 un circuit de vente directe en Savoie, mais uniquement actif durant la saison hivernale. J&rsquo;ai pris mes premi\u00e8res concessions sur l\u2019\u00e9tang en juin 2016, avant de reprendre officiellement Ostr\u00e9isud en d\u00e9cembre de la m\u00eame ann\u00e9e apr\u00e8s le feu vert de la banque.<\/p>\n<p><\/p>\t\t\t\t\t\t\t\t<\/div>\n\t\t\t\t<\/div>\n\t\t\t\t\t<\/div>\n\t\t<\/div>\n\t\t\t\t\t<\/div>\n\t\t<\/section>\n\t\t\t\t<section class=\"elementor-section elementor-top-section elementor-element elementor-element-ba85e12 elementor-section-stretched elementor-section-boxed elementor-section-height-default elementor-section-height-default\" data-id=\"ba85e12\" data-element_type=\"section\" data-e-type=\"section\" data-settings=\"{&quot;stretch_section&quot;:&quot;section-stretched&quot;}\">\n\t\t\t\t\t\t<div class=\"elementor-container elementor-column-gap-default\">\n\t\t\t\t\t<div class=\"elementor-column elementor-col-100 elementor-top-column elementor-element elementor-element-1590f0a\" data-id=\"1590f0a\" data-element_type=\"column\" data-e-type=\"column\">\n\t\t\t<div class=\"elementor-widget-wrap elementor-element-populated\">\n\t\t\t\t\t\t<div class=\"elementor-element elementor-element-de3a7ad elementor-widget elementor-widget-image\" data-id=\"de3a7ad\" data-element_type=\"widget\" data-e-type=\"widget\" data-widget_type=\"image.default\">\n\t\t\t\t<div class=\"elementor-widget-container\">\n\t\t\t\t\t\t\t\t\t\t\t\t\t\t\t<img decoding=\"async\" width=\"812\" height=\"336\" data-src=\"https:\/\/i0.wp.com\/ostreisud.fr\/wp-content\/uploads\/2024\/05\/histoire-ostreisud-3.png?fit=812%2C336&amp;ssl=1\" class=\"attachment-large size-large wp-image-6933 lazyload\" alt=\"\" data-srcset=\"https:\/\/i0.wp.com\/ostreisud.fr\/wp-content\/uploads\/2024\/05\/histoire-ostreisud-3.png?w=1600&amp;ssl=1 1600w, https:\/\/i0.wp.com\/ostreisud.fr\/wp-content\/uploads\/2024\/05\/histoire-ostreisud-3.png?resize=300%2C124&amp;ssl=1 300w, https:\/\/i0.wp.com\/ostreisud.fr\/wp-content\/uploads\/2024\/05\/histoire-ostreisud-3.png?resize=1024%2C424&amp;ssl=1 1024w, https:\/\/i0.wp.com\/ostreisud.fr\/wp-content\/uploads\/2024\/05\/histoire-ostreisud-3.png?resize=768%2C318&amp;ssl=1 768w, https:\/\/i0.wp.com\/ostreisud.fr\/wp-content\/uploads\/2024\/05\/histoire-ostreisud-3.png?resize=1536%2C636&amp;ssl=1 1536w\" data-sizes=\"(max-width: 812px) 100vw, 812px\" src=\"data:image\/svg+xml;base64,PHN2ZyB3aWR0aD0iMSIgaGVpZ2h0PSIxIiB4bWxucz0iaHR0cDovL3d3dy53My5vcmcvMjAwMC9zdmciPjwvc3ZnPg==\" style=\"--smush-placeholder-width: 812px; --smush-placeholder-aspect-ratio: 812\/336;\" \/>\t\t\t\t\t\t\t\t\t\t\t\t\t\t\t<\/div>\n\t\t\t\t<\/div>\n\t\t\t\t\t<\/div>\n\t\t<\/div>\n\t\t\t\t\t<\/div>\n\t\t<\/section>\n\t\t\t\t<section class=\"elementor-section elementor-top-section elementor-element elementor-element-3d0f774 elementor-section-full_width elementor-section-stretched elementor-section-height-default elementor-section-height-default\" data-id=\"3d0f774\" data-element_type=\"section\" data-e-type=\"section\" data-settings=\"{&quot;stretch_section&quot;:&quot;section-stretched&quot;}\">\n\t\t\t\t\t\t<div class=\"elementor-container elementor-column-gap-default\">\n\t\t\t\t\t<div class=\"elementor-column elementor-col-33 elementor-top-column elementor-element elementor-element-33a9c9c\" data-id=\"33a9c9c\" data-element_type=\"column\" data-e-type=\"column\">\n\t\t\t<div class=\"elementor-widget-wrap\">\n\t\t\t\t\t\t\t<\/div>\n\t\t<\/div>\n\t\t\t\t<div class=\"elementor-column elementor-col-33 elementor-top-column elementor-element elementor-element-d5d53a4\" data-id=\"d5d53a4\" data-element_type=\"column\" data-e-type=\"column\">\n\t\t\t<div class=\"elementor-widget-wrap elementor-element-populated\">\n\t\t\t\t\t\t<div class=\"elementor-element elementor-element-83af200 elementor-widget elementor-widget-image\" data-id=\"83af200\" data-element_type=\"widget\" data-e-type=\"widget\" data-widget_type=\"image.default\">\n\t\t\t\t<div class=\"elementor-widget-container\">\n\t\t\t\t\t\t\t\t\t\t\t\t\t\t\t<img decoding=\"async\" width=\"300\" height=\"151\" data-src=\"https:\/\/i0.wp.com\/ostreisud.fr\/wp-content\/uploads\/2024\/05\/produits-ostreisud-0.png?fit=300%2C151&amp;ssl=1\" class=\"attachment-medium size-medium wp-image-7068 lazyload\" alt=\"Couteaux, hu\u00eetre creuse, crevettes, moule et oursin\" data-srcset=\"https:\/\/i0.wp.com\/ostreisud.fr\/wp-content\/uploads\/2024\/05\/produits-ostreisud-0.png?w=606&amp;ssl=1 606w, https:\/\/i0.wp.com\/ostreisud.fr\/wp-content\/uploads\/2024\/05\/produits-ostreisud-0.png?resize=300%2C151&amp;ssl=1 300w\" data-sizes=\"(max-width: 300px) 100vw, 300px\" src=\"data:image\/svg+xml;base64,PHN2ZyB3aWR0aD0iMSIgaGVpZ2h0PSIxIiB4bWxucz0iaHR0cDovL3d3dy53My5vcmcvMjAwMC9zdmciPjwvc3ZnPg==\" style=\"--smush-placeholder-width: 300px; --smush-placeholder-aspect-ratio: 300\/151;\" \/>\t\t\t\t\t\t\t\t\t\t\t\t\t\t\t<\/div>\n\t\t\t\t<\/div>\n\t\t\t\t<div class=\"elementor-element elementor-element-8e89626 elementor-align-center elementor-widget__width-inherit elementor-widget elementor-widget-button\" data-id=\"8e89626\" data-element_type=\"widget\" data-e-type=\"widget\" data-widget_type=\"button.default\">\n\t\t\t\t<div class=\"elementor-widget-container\">\n\t\t\t\t\t\t\t\t\t<div class=\"elementor-button-wrapper\">\n\t\t\t\t\t<a class=\"elementor-button elementor-button-link elementor-size-sm\" href=\"https:\/\/ostreisud.fr\/?page_id=6404\">\n\t\t\t\t\t\t<span class=\"elementor-button-content-wrapper\">\n\t\t\t\t\t\t\t\t\t<span class=\"elementor-button-text\">D\u00e9couvrez tous les produits Ostr\u00e9isud<\/span>\n\t\t\t\t\t<\/span>\n\t\t\t\t\t<\/a>\n\t\t\t\t<\/div>\n\t\t\t\t\t\t\t\t<\/div>\n\t\t\t\t<\/div>\n\t\t\t\t\t<\/div>\n\t\t<\/div>\n\t\t\t\t<div class=\"elementor-column elementor-col-33 elementor-top-column elementor-element elementor-element-4fe290a\" data-id=\"4fe290a\" data-element_type=\"column\" data-e-type=\"column\">\n\t\t\t<div class=\"elementor-widget-wrap\">\n\t\t\t\t\t\t\t<\/div>\n\t\t<\/div>\n\t\t\t\t\t<\/div>\n\t\t<\/section>\n\t\t\t\t<\/div>\n\t\t","protected":false},"excerpt":{"rendered":"<p>Comment je suis devenu ostr\u00e9iculteur dans l&rsquo;\u00e9tang de Thau. Alexandre Cessateur, de l&rsquo;industrie \u00e0 ostr\u00e9iculteur dans l&rsquo;\u00e9tang de Thau Mes origines et mon parcours scolaire Je suis originaire de Cestas, \u00e0 cot\u00e9 de Bordeaux. Je ne viens pas du milieu de l&rsquo;ostr\u00e9iculture mais j&rsquo;ai toujours aspir\u00e9 \u00e0 travailler avec des animaux aquatiques. Un bac S [&hellip;]<\/p>\n","protected":false},"author":1,"featured_media":6924,"parent":0,"menu_order":0,"comment_status":"closed","ping_status":"closed","template":"","meta":{"_acf_changed":false,"zakra_page_container_layout":"customizer","zakra_page_sidebar_layout":"customizer","zakra_remove_content_margin":false,"zakra_sidebar":"customizer","zakra_transparent_header":"customizer","zakra_logo":0,"zakra_main_header_style":"default","zakra_menu_item_color":"","zakra_menu_item_hover_color":"","zakra_menu_item_active_color":"","zakra_menu_active_style":"","zakra_page_header":true,"footnotes":""},"class_list":["post-655","page","type-page","status-publish","has-post-thumbnail","hentry"],"acf":[],"yoast_head":"<!-- This site is optimized with the Yoast SEO plugin v27.5 - https:\/\/yoast.com\/product\/yoast-seo-wordpress\/ -->\n<title>Mon parcours d&#039;ing\u00e9nieur \u00e0 ostr\u00e9iculteur dans l&#039;\u00e9tang de Thau<\/title>\n<meta name=\"description\" content=\"Comment je suis devenus ostr\u00e9iculteur dans l&#039;\u00e9tang de Thau. D\u00e9couvrez mon parcours de l&#039;industrie \u00e0 l&#039;artisanat conchylicole.\" \/>\n<meta name=\"robots\" content=\"index, follow, max-snippet:-1, max-image-preview:large, max-video-preview:-1\" \/>\n<link rel=\"canonical\" href=\"https:\/\/ostreisud.fr\/?page_id=655\" \/>\n<meta property=\"og:locale\" content=\"fr_FR\" \/>\n<meta property=\"og:type\" content=\"article\" \/>\n<meta property=\"og:title\" content=\"Mon parcours d&#039;ing\u00e9nieur \u00e0 ostr\u00e9iculteur dans l&#039;\u00e9tang de Thau\" \/>\n<meta property=\"og:description\" content=\"Comment je suis devenus ostr\u00e9iculteur dans l&#039;\u00e9tang de Thau. D\u00e9couvrez mon parcours de l&#039;industrie \u00e0 l&#039;artisanat conchylicole.\" \/>\n<meta property=\"og:url\" content=\"https:\/\/ostreisud.fr\/?page_id=655\" \/>\n<meta property=\"og:site_name\" content=\"Ostr\u00e9isud\" \/>\n<meta property=\"article:publisher\" content=\"https:\/\/www.facebook.com\/ostreisud\" \/>\n<meta property=\"article:modified_time\" content=\"2024-06-04T08:44:21+00:00\" \/>\n<meta property=\"og:image\" content=\"https:\/\/ostreisud.fr\/wp-content\/uploads\/2020\/09\/81427775_177736303624448_8082435629897482240_o-Copier-Copy.jpg\" \/>\n\t<meta property=\"og:image:width\" content=\"1442\" \/>\n\t<meta property=\"og:image:height\" content=\"1080\" \/>\n\t<meta property=\"og:image:type\" content=\"image\/jpeg\" \/>\n<meta name=\"twitter:card\" content=\"summary_large_image\" \/>\n<meta name=\"twitter:label1\" content=\"Dur\u00e9e de lecture estim\u00e9e\" \/>\n\t<meta name=\"twitter:data1\" content=\"3 minutes\" \/>\n<script type=\"application\/ld+json\" class=\"yoast-schema-graph\">{\"@context\":\"https:\\\/\\\/schema.org\",\"@graph\":[{\"@type\":\"WebPage\",\"@id\":\"https:\\\/\\\/ostreisud.fr\\\/?page_id=655\",\"url\":\"https:\\\/\\\/ostreisud.fr\\\/?page_id=655\",\"name\":\"Mon parcours d'ing\u00e9nieur \u00e0 ostr\u00e9iculteur dans l'\u00e9tang de Thau\",\"isPartOf\":{\"@id\":\"https:\\\/\\\/ostreisud.fr\\\/#website\"},\"primaryImageOfPage\":{\"@id\":\"https:\\\/\\\/ostreisud.fr\\\/?page_id=655#primaryimage\"},\"image\":{\"@id\":\"https:\\\/\\\/ostreisud.fr\\\/?page_id=655#primaryimage\"},\"thumbnailUrl\":\"https:\\\/\\\/i0.wp.com\\\/ostreisud.fr\\\/wp-content\\\/uploads\\\/2024\\\/05\\\/histoire-ostreisud.png?fit=1600%2C663&ssl=1\",\"datePublished\":\"2020-08-28T02:02:38+00:00\",\"dateModified\":\"2024-06-04T08:44:21+00:00\",\"description\":\"Comment je suis devenus ostr\u00e9iculteur dans l'\u00e9tang de Thau. D\u00e9couvrez mon parcours de l'industrie \u00e0 l'artisanat conchylicole.\",\"breadcrumb\":{\"@id\":\"https:\\\/\\\/ostreisud.fr\\\/?page_id=655#breadcrumb\"},\"inLanguage\":\"fr-FR\",\"potentialAction\":[{\"@type\":\"ReadAction\",\"target\":[\"https:\\\/\\\/ostreisud.fr\\\/?page_id=655\"]}]},{\"@type\":\"ImageObject\",\"inLanguage\":\"fr-FR\",\"@id\":\"https:\\\/\\\/ostreisud.fr\\\/?page_id=655#primaryimage\",\"url\":\"https:\\\/\\\/i0.wp.com\\\/ostreisud.fr\\\/wp-content\\\/uploads\\\/2024\\\/05\\\/histoire-ostreisud.png?fit=1600%2C663&ssl=1\",\"contentUrl\":\"https:\\\/\\\/i0.wp.com\\\/ostreisud.fr\\\/wp-content\\\/uploads\\\/2024\\\/05\\\/histoire-ostreisud.png?fit=1600%2C663&ssl=1\",\"width\":1600,\"height\":663},{\"@type\":\"BreadcrumbList\",\"@id\":\"https:\\\/\\\/ostreisud.fr\\\/?page_id=655#breadcrumb\",\"itemListElement\":[{\"@type\":\"ListItem\",\"position\":1,\"name\":\"Accueil\",\"item\":\"https:\\\/\\\/ostreisud.fr\\\/\"},{\"@type\":\"ListItem\",\"position\":2,\"name\":\"Mon parcours de cadre \u00e0 ostr\u00e9iculteur dans l&#8217;\u00e9tang de Thau\"}]},{\"@type\":\"WebSite\",\"@id\":\"https:\\\/\\\/ostreisud.fr\\\/#website\",\"url\":\"https:\\\/\\\/ostreisud.fr\\\/\",\"name\":\"Ostr\u00e9isud\",\"description\":\"Artisan ostr\u00e9iculteur, producteur d\u2019hu\u00eetres, de moules et de coquillages sur le bassin de Thau\",\"publisher\":{\"@id\":\"https:\\\/\\\/ostreisud.fr\\\/#organization\"},\"potentialAction\":[{\"@type\":\"SearchAction\",\"target\":{\"@type\":\"EntryPoint\",\"urlTemplate\":\"https:\\\/\\\/ostreisud.fr\\\/?s={search_term_string}\"},\"query-input\":{\"@type\":\"PropertyValueSpecification\",\"valueRequired\":true,\"valueName\":\"search_term_string\"}}],\"inLanguage\":\"fr-FR\"},{\"@type\":\"Organization\",\"@id\":\"https:\\\/\\\/ostreisud.fr\\\/#organization\",\"name\":\"Ostr\u00e9isud\",\"url\":\"https:\\\/\\\/ostreisud.fr\\\/\",\"logo\":{\"@type\":\"ImageObject\",\"inLanguage\":\"fr-FR\",\"@id\":\"https:\\\/\\\/ostreisud.fr\\\/#\\\/schema\\\/logo\\\/image\\\/\",\"url\":\"https:\\\/\\\/i2.wp.com\\\/ostreisud.fr\\\/wp-content\\\/uploads\\\/2020\\\/09\\\/Untitled-2-1-e1600143130840.png?fit=500%2C300&ssl=1\",\"contentUrl\":\"https:\\\/\\\/i2.wp.com\\\/ostreisud.fr\\\/wp-content\\\/uploads\\\/2020\\\/09\\\/Untitled-2-1-e1600143130840.png?fit=500%2C300&ssl=1\",\"width\":500,\"height\":300,\"caption\":\"Ostr\u00e9isud\"},\"image\":{\"@id\":\"https:\\\/\\\/ostreisud.fr\\\/#\\\/schema\\\/logo\\\/image\\\/\"},\"sameAs\":[\"https:\\\/\\\/www.facebook.com\\\/ostreisud\"]}]}<\/script>\n<!-- \/ Yoast SEO plugin. -->","yoast_head_json":{"title":"Mon parcours d'ing\u00e9nieur \u00e0 ostr\u00e9iculteur dans l'\u00e9tang de Thau","description":"Comment je suis devenus ostr\u00e9iculteur dans l'\u00e9tang de Thau. D\u00e9couvrez mon parcours de l'industrie \u00e0 l'artisanat conchylicole.","robots":{"index":"index","follow":"follow","max-snippet":"max-snippet:-1","max-image-preview":"max-image-preview:large","max-video-preview":"max-video-preview:-1"},"canonical":"https:\/\/ostreisud.fr\/?page_id=655","og_locale":"fr_FR","og_type":"article","og_title":"Mon parcours d'ing\u00e9nieur \u00e0 ostr\u00e9iculteur dans l'\u00e9tang de Thau","og_description":"Comment je suis devenus ostr\u00e9iculteur dans l'\u00e9tang de Thau. D\u00e9couvrez mon parcours de l'industrie \u00e0 l'artisanat conchylicole.","og_url":"https:\/\/ostreisud.fr\/?page_id=655","og_site_name":"Ostr\u00e9isud","article_publisher":"https:\/\/www.facebook.com\/ostreisud","article_modified_time":"2024-06-04T08:44:21+00:00","og_image":[{"width":1442,"height":1080,"url":"https:\/\/ostreisud.fr\/wp-content\/uploads\/2020\/09\/81427775_177736303624448_8082435629897482240_o-Copier-Copy.jpg","type":"image\/jpeg"}],"twitter_card":"summary_large_image","twitter_misc":{"Dur\u00e9e de lecture estim\u00e9e":"3 minutes"},"schema":{"@context":"https:\/\/schema.org","@graph":[{"@type":"WebPage","@id":"https:\/\/ostreisud.fr\/?page_id=655","url":"https:\/\/ostreisud.fr\/?page_id=655","name":"Mon parcours d'ing\u00e9nieur \u00e0 ostr\u00e9iculteur dans l'\u00e9tang de Thau","isPartOf":{"@id":"https:\/\/ostreisud.fr\/#website"},"primaryImageOfPage":{"@id":"https:\/\/ostreisud.fr\/?page_id=655#primaryimage"},"image":{"@id":"https:\/\/ostreisud.fr\/?page_id=655#primaryimage"},"thumbnailUrl":"https:\/\/i0.wp.com\/ostreisud.fr\/wp-content\/uploads\/2024\/05\/histoire-ostreisud.png?fit=1600%2C663&ssl=1","datePublished":"2020-08-28T02:02:38+00:00","dateModified":"2024-06-04T08:44:21+00:00","description":"Comment je suis devenus ostr\u00e9iculteur dans l'\u00e9tang de Thau. D\u00e9couvrez mon parcours de l'industrie \u00e0 l'artisanat conchylicole.","breadcrumb":{"@id":"https:\/\/ostreisud.fr\/?page_id=655#breadcrumb"},"inLanguage":"fr-FR","potentialAction":[{"@type":"ReadAction","target":["https:\/\/ostreisud.fr\/?page_id=655"]}]},{"@type":"ImageObject","inLanguage":"fr-FR","@id":"https:\/\/ostreisud.fr\/?page_id=655#primaryimage","url":"https:\/\/i0.wp.com\/ostreisud.fr\/wp-content\/uploads\/2024\/05\/histoire-ostreisud.png?fit=1600%2C663&ssl=1","contentUrl":"https:\/\/i0.wp.com\/ostreisud.fr\/wp-content\/uploads\/2024\/05\/histoire-ostreisud.png?fit=1600%2C663&ssl=1","width":1600,"height":663},{"@type":"BreadcrumbList","@id":"https:\/\/ostreisud.fr\/?page_id=655#breadcrumb","itemListElement":[{"@type":"ListItem","position":1,"name":"Accueil","item":"https:\/\/ostreisud.fr\/"},{"@type":"ListItem","position":2,"name":"Mon parcours de cadre \u00e0 ostr\u00e9iculteur dans l&#8217;\u00e9tang de Thau"}]},{"@type":"WebSite","@id":"https:\/\/ostreisud.fr\/#website","url":"https:\/\/ostreisud.fr\/","name":"Ostr\u00e9isud","description":"Artisan ostr\u00e9iculteur, producteur d\u2019hu\u00eetres, de moules et de coquillages sur le bassin de Thau","publisher":{"@id":"https:\/\/ostreisud.fr\/#organization"},"potentialAction":[{"@type":"SearchAction","target":{"@type":"EntryPoint","urlTemplate":"https:\/\/ostreisud.fr\/?s={search_term_string}"},"query-input":{"@type":"PropertyValueSpecification","valueRequired":true,"valueName":"search_term_string"}}],"inLanguage":"fr-FR"},{"@type":"Organization","@id":"https:\/\/ostreisud.fr\/#organization","name":"Ostr\u00e9isud","url":"https:\/\/ostreisud.fr\/","logo":{"@type":"ImageObject","inLanguage":"fr-FR","@id":"https:\/\/ostreisud.fr\/#\/schema\/logo\/image\/","url":"https:\/\/i2.wp.com\/ostreisud.fr\/wp-content\/uploads\/2020\/09\/Untitled-2-1-e1600143130840.png?fit=500%2C300&ssl=1","contentUrl":"https:\/\/i2.wp.com\/ostreisud.fr\/wp-content\/uploads\/2020\/09\/Untitled-2-1-e1600143130840.png?fit=500%2C300&ssl=1","width":500,"height":300,"caption":"Ostr\u00e9isud"},"image":{"@id":"https:\/\/ostreisud.fr\/#\/schema\/logo\/image\/"},"sameAs":["https:\/\/www.facebook.com\/ostreisud"]}]}},"jetpack_sharing_enabled":true,"_links":{"self":[{"href":"https:\/\/ostreisud.fr\/index.php?rest_route=\/wp\/v2\/pages\/655","targetHints":{"allow":["GET"]}}],"collection":[{"href":"https:\/\/ostreisud.fr\/index.php?rest_route=\/wp\/v2\/pages"}],"about":[{"href":"https:\/\/ostreisud.fr\/index.php?rest_route=\/wp\/v2\/types\/page"}],"author":[{"embeddable":true,"href":"https:\/\/ostreisud.fr\/index.php?rest_route=\/wp\/v2\/users\/1"}],"replies":[{"embeddable":true,"href":"https:\/\/ostreisud.fr\/index.php?rest_route=%2Fwp%2Fv2%2Fcomments&post=655"}],"version-history":[{"count":32,"href":"https:\/\/ostreisud.fr\/index.php?rest_route=\/wp\/v2\/pages\/655\/revisions"}],"predecessor-version":[{"id":7189,"href":"https:\/\/ostreisud.fr\/index.php?rest_route=\/wp\/v2\/pages\/655\/revisions\/7189"}],"wp:featuredmedia":[{"embeddable":true,"href":"https:\/\/ostreisud.fr\/index.php?rest_route=\/wp\/v2\/media\/6924"}],"wp:attachment":[{"href":"https:\/\/ostreisud.fr\/index.php?rest_route=%2Fwp%2Fv2%2Fmedia&parent=655"}],"curies":[{"name":"wp","href":"https:\/\/api.w.org\/{rel}","templated":true}]}}